{"id":34997,"date":"2024-01-25T16:21:14","date_gmt":"2024-01-25T16:21:14","guid":{"rendered":"https:\/\/p1.dishsavings.com\/?page_id=34997"},"modified":"2025-10-30T05:36:44","modified_gmt":"2025-10-30T05:36:44","slug":"terms-conditions","status":"publish","type":"page","link":"https:\/\/www.dish.com\/isg\/terms-conditions\/","title":{"rendered":"Terms &#038; Conditions"},"content":{"rendered":"<p>[et_pb_section fb_built=&#8221;1&#8243; _builder_version=&#8221;4.24.0&#8243; _module_preset=&#8221;default&#8221; da_disable_devices=&#8221;off|off|off&#8221; global_colors_info=&#8221;{}&#8221; da_is_popup=&#8221;off&#8221; da_exit_intent=&#8221;off&#8221; da_has_close=&#8221;on&#8221; da_alt_close=&#8221;off&#8221; da_dark_close=&#8221;off&#8221; da_not_modal=&#8221;on&#8221; da_is_singular=&#8221;off&#8221; da_with_loader=&#8221;off&#8221; da_has_shadow=&#8221;on&#8221;][et_pb_row _builder_version=&#8221;4.24.0&#8243; _module_preset=&#8221;default&#8221; global_colors_info=&#8221;{}&#8221;][et_pb_column type=&#8221;4_4&#8243; _builder_version=&#8221;4.24.0&#8243; _module_preset=&#8221;default&#8221; global_colors_info=&#8221;{}&#8221;][et_pb_text _builder_version=&#8221;4.25.2&#8243; _module_preset=&#8221;default&#8221; hover_enabled=&#8221;0&#8243; global_colors_info=&#8221;{}&#8221; sticky_enabled=&#8221;0&#8243;]<\/p>\n<h2 style=\"text-align: center;\">Terms &amp; Conditions<\/h2>\n<p><strong>Offer for new and qualifying former customers only.<\/strong><\/p>\n<p><b>Important Terms and Conditions: Qualification: <\/b>Requires credit qualification and 2-year commitment. Upfront activation and\/or receiver upgrade fees may apply based on credit qualification. <\/p>\n<p><b>2-Year Commitment:<\/b> Early termination fee of $20\/mo. remaining applies if you cancel early. <b>Included in 2-year price guarantee at $89.99 advertised price:<\/b> America&#8217;s Top 120 programming package, local channels, and Hopper 3 Smart DVR for 1 TV.<\/p>\n<p><b>Included in 2-year price guarantee for additional cost:<\/b> Programming package equipment upgrades ($99.99 for AT120+ with a Hopper 3 and 1 additional TV included, $109.99 for AT200 with a Hopper 3 and 2 additional TVs included, $119.99 for AT250 with a Hopper 3 and 3 additional TVs included), monthly fees for upgraded or additional receivers ($5-$7 per additional TV, receivers with additional functionality may be $10-$15). <\/p>\n<p><b>NOT included in 2-year price guarantee or advertised price (and subject to change):<\/b> Taxes &#038; surcharges, add-on programming (including premium channels), DISH Protect, and transactional fees. After 2 years the then-market price for programming packages applies (currently $102.99\/mo. for AT120, $107.99\/mo. for AT120+, $117.99\/mo. for AT200, $127.99\/mo. for AT250) and equipment fees.<\/p>\n<p><b>Premium Channels included for 3 months: Paramount+ with Showtime, STARZ &#038; DISH Movie Pack <\/b>Premium Channels: After 3 mos., you will be billed $30\/mo. for Paramount+ with SHOWTIME, STARZ and DISH Movie Pack unless you call to cancel. Offer subject to change based on premium channel availability. SHOWTIME and related marks are trademarks of Showtime Networks Inc., a Paramount Company. Individual programs, devices and marks are the property of their respective owners. All Rights Reserved.<\/p>\n<p><strong>Remote:<\/strong> The DISH Voice Remote requires internet-connected Hopper, Joey or Wally device. Customer must press the Voice Remote button to activate the feature.<\/p>\n<p><b>Other:<\/b> All packages, programming, features, functionality, prices and fees (not included in price lock) are subject to change without notice. After 6 mos., if selected you will be billed $12.99\/mo. for DISH Protect Silver unless you call to cancel. After 2 years, then-current everyday prices for all services apply.<\/p>\n<p><strong>Smart HD DVR included:<\/strong> Prices include Hopper Duo for qualifying customers. Hopper, Hopper w\/Sling or Hopper 3 $5\/mo. more. Upfront fees may apply based on credit qualification.<\/p>\n<p><strong>PrimeTime AnyTime\/AutoHop:<\/strong> The customer must enable PrimeTime Anytime and AutoHop features and are subject to availability. With PrimeTime Anytime, you can record all of the primetime programs from ABC, CBS, FOX and NBC and keep them for up to 8 days. AutoHop feature is available at varying times, starting the day after airing, for select primetime shows on ABC, CBS, FOX and NBC recorded with PrimeTime Anytime<\/p>\n<p><strong>DISH Anywhere:<\/strong> Watching live and recorded TV anywhere requires an internet-connected Hopper w\/Sling or Hopper 3 and compatible mobile device.<\/p>\n<p><strong>Hughesnet Bundle Offer:<\/strong> Hughesnet is a registered trademark of Hughes Network Systems, LLC, an EchoStar company. Minimum term required. Monthly service and early termination fees apply. Visit legal.hughesnet.com for details. All plans are subject to the Hughesnet Subscriber Agreement. *$10 savings represents$5\/month off the DISH TV service and $5\/month off theHughesnet service. Savings apply as long as qualifying DISH and Hughesnet services remain active and in good standing. Limited-time offer. Other terms may apply. **Hughesnet Price Lock Guarantee ensures the plan\u2019s monthly service fee will not change for 2 years. ***$59.99 per month represents a $10 per month savings for 24 months on the Select plan, $5 DISH Bundle savings, and $5 ACH enrollment savings. After 24 months, service plan monthly fee reverts to the standard monthly fee. $5 DISH Bundle credit on your Hughesnet invoice continues as long as you remain an active DISH TV subscriber in good standing. $5 ACH enrollment savings apply as long as ACH enrollment is maintained. Monthly Lease Fee may be additional. New residential subscribers only. Limited-time offer. Other terms may apply. #Stated speeds are not guaranteed. ##Standard Data may be slower than other traffic during high-traffic periods.<\/p>\n<h2 style=\"text-align: center;\">DishLATINO T\u00e9rminos y condiciones<\/h2>\n<p><strong>Oferta v\u00e1lida solamente para clientes nuevos y clientes previos que califiquen.<\/strong> <strong>T\u00e9rminos y condiciones importantes: <\/strong>Todas las ofertas requieren calificaci\u00f3n de cr\u00e9dito, facturaci\u00f3n electronica con pago autom\u00e1tico y compromiso de 2 a\u00f1os con cargo por desconexi\u00f3n temprana. Activaci\u00f3n por adelantado y\/o cargos por mejora de equipo pueden aplicar basado en la calificaci\u00f3n de cr\u00e9dito.<\/p>\n<p><strong>Requiere un compromiso de 2 a\u00f1os:<\/strong> Un cargo por desconexi\u00f3n temprana de $20 por cada mes restante aplica si el servicio se cancela anticipadamente.<\/p>\n<p><strong>Incluido en la garant\u00eda de precio de 2 a\u00f1os con precio anunciado de $69.99:<\/strong> Paquete de programaci\u00f3n DishLATINO Plus, DVR Hopper Duo para 1 TV y servicio HD. No incluye transmisi\u00f3n de canales locales.<\/p>\n<p><strong>Despu\u00e9s de 2 a\u00f1os se aplicar\u00e1n los cargos mensuales regulares vigentes por programaci\u00f3n, el DVR y el receptor. Disponible en la garant\u00eda de precio de 2 a\u00f1os con cargo adicional:<\/strong> Diferentes opciones de paquetes de programaci\u00f3n con el DVR Hopper Duo para 1 TV ($67.99 por DishLATINO Cl\u00e1sico o $94.99 por DishLATINO Dos o $109.99 por DishLATINO Max). Canales locales ($12), cargos mensuales por receptores adicionales ($7 por TV adicional, pueden aplicar cargos mayores por receptores m\u00e1s avanzados entre $5-$15) y cargos mensuales por servicio de DVR ($10-15). NO incluido en la garant\u00eda de precio de 2 a\u00f1os o en el precio anunciado de $69.99 (y sujeto a cambios): Impuestos y recargos, programaci\u00f3n adicional (incluyendo canales premium), plan de DISH Protect y cargos por transacci\u00f3n.<\/p>\n<p><strong>Canales premium gratis por 3 meses:<\/strong> Despu\u00e9s de 3 meses, recibir\u00e1s una factura de $30 al mes por Paramount+ with SHOWTIME, STARZ y DISH Movie Pack a menos que llames para cancelar antes de finalizer los tres meses. El Paquete Cine &amp; Entretenimiento requiere un Hopper o Wally conectado a internet.<\/p>\n<p><strong>Control Remoto:<\/strong> El Control Remoto de Voz de DishLATINO requiere un Hopper, Joey o Wally conectado a internet. Algunas funciones de voz requieren una conexi\u00f3n a internet, un dispositivo compatible.<\/p>\n<p><strong>DISH Anywhere:<\/strong> Requiere un dispositivo conectado a internet con la aplicaci\u00f3n DISH Anywhere\u00ae. Requiere un Hopper 2 o 3 conectado a Internet para acceder a tus grabaciones o controlar tu receptor con la aplicaci\u00f3n DISH Anywhere\u00ae.<\/p>\n<p><strong>Otros:<\/strong> Todos los paquetes, programaci\u00f3n, caracter\u00edsticas y funcionalidad, y todos los precios y cargos no incluidos en la garant\u00eda de precio est\u00e1n sujetos a cambios sin previo aviso. Despu\u00e9s de 6 meses, se cobra $11.99 al mes por el plan de DISH Protect a menos que llames para cancelar. Despu\u00e9s de 2 a\u00f1os, se aplicar\u00e1 el precio mensual regular vigente en esa fecha por todos los servicios. Solamente la instalaci\u00f3n profesional est\u00e1ndar es gratuita.<\/p>\n<p>\u00a92026 DISH Network L.L.C. Todos los derechosreservados.<\/p>\n<p>\u00a9 2026 DISH Network L.L.C. All rights reserved. Paramount+ with Showtime is a registered trademark of Paramount+ with Showtime Networks Inc., a CBS company.<\/p>\n<p>Gift card: Gift card is being offered by InfinityDISH, and the offer is not affiliated with or fulfilled in any way by DISH or Internet provider. You will receive a claim voucher within 3-4 weeks and the voucher must be returned within 60 days. Your gift card will arrive in approximately 6-8 weeks. (Premium customer qualification only)<\/p>\n<p>Privacy Policy: Please <a href=\"\/privacy-policy\/\" style=\"font-size: 14px;\">click here<\/a>to review the Infinitydish.com <a href=\"\/privacy-policy\/\" style=\"font-size: 14px;\">Privacy Policy<\/a>. Please call Customer Service with any questions at 1.866.659.3474.<\/p>\n<p><strong>NOTES:<\/strong><\/p>\n<p>Infinity Sales Group, L.L.C. will charge you a $49.99 non-refundable application processing fee, which is subject to change at any time without notice. *Certain restrictions apply for Internet service. Based on the availability in your area.<\/p>\n<p>Infinitydish.com and Infinity Sales Group, L.L.C. are authorized independent retailers of DISH. DISH logos are registered trademarks and\/or service marks of DISH and\/or its affiliate(s). The DISH trademarks and\/or service marks are used by authority of DISH and\/or its applicable affiliate(s).<\/p>\n<p>You expressly request and consent to a return telephone call from Infinity Sales Group, L.L.C. (\u201cInfinity\u201d), and agree that Infinity may contact you by telephone, facsimile, email, or mail to the telephone number(s) and address(es) provided for the purpose of promoting various offers. You expressly waive all federal and state no-call registry protections for the purpose of future marketing by Infinity.<\/p>\n<p>[\/et_pb_text][\/et_pb_column][\/et_pb_row][\/et_pb_section]<\/p>\n","protected":false},"excerpt":{"rendered":"<p>Terms &amp; Conditions Offer for new and qualifying former customers only. Important Terms and Conditions: Qualification: Requires credit qualification and 2-year commitment. Upfront activation and\/or receiver upgrade fees may apply based on credit qualification. 2-Year Commitment: Early termination fee of $20\/mo. remaining applies if you cancel early. Included in 2-year price guarantee at $89.99 advertised [&hellip;]<\/p>\n","protected":false},"author":2,"featured_media":0,"parent":0,"menu_order":0,"comment_status":"closed","ping_status":"closed","template":"","meta":{"_acf_changed":false,"_et_pb_use_builder":"on","_et_pb_old_content":"","_et_gb_content_width":"","rank_math_lock_modified_date":false,"footnotes":""},"class_list":["post-34997","page","type-page","status-publish","hentry"],"acf":[],"_links":{"self":[{"href":"https:\/\/www.dish.com\/isg\/wp-json\/wp\/v2\/pages\/34997"}],"collection":[{"href":"https:\/\/www.dish.com\/isg\/wp-json\/wp\/v2\/pages"}],"about":[{"href":"https:\/\/www.dish.com\/isg\/wp-json\/wp\/v2\/types\/page"}],"author":[{"embeddable":true,"href":"https:\/\/www.dish.com\/isg\/wp-json\/wp\/v2\/users\/2"}],"replies":[{"embeddable":true,"href":"https:\/\/www.dish.com\/isg\/wp-json\/wp\/v2\/comments?post=34997"}],"version-history":[{"count":9,"href":"https:\/\/www.dish.com\/isg\/wp-json\/wp\/v2\/pages\/34997\/revisions"}],"predecessor-version":[{"id":49553,"href":"https:\/\/www.dish.com\/isg\/wp-json\/wp\/v2\/pages\/34997\/revisions\/49553"}],"wp:attachment":[{"href":"https:\/\/www.dish.com\/isg\/wp-json\/wp\/v2\/media?parent=34997"}],"curies":[{"name":"wp","href":"https:\/\/api.w.org\/{rel}","templated":true}]}}